{"id":51,"date":"2019-07-16T21:00:32","date_gmt":"2019-07-16T21:00:32","guid":{"rendered":"https:\/\/demosites.io\/fitness\/?page_id=51"},"modified":"2020-12-17T16:43:55","modified_gmt":"2020-12-17T14:43:55","slug":"contact","status":"publish","type":"page","link":"https:\/\/homesportkit.com\/en\/contact\/","title":{"rendered":"Contact"},"content":{"rendered":"<div data-elementor-type=\"wp-post\" data-elementor-id=\"51\" class=\"elementor elementor-51\">\n\t\t\t\t\t\t<section class=\"elementor-section elementor-top-section elementor-element elementor-element-f1b9538 elementor-section-boxed elementor-section-height-default elementor-section-height-default\" data-id=\"f1b9538\" data-element_type=\"section\" data-settings=\"{&quot;background_background&quot;:&quot;classic&quot;}\">\n\t\t\t\t\t\t\t<div class=\"elementor-background-overlay\"><\/div>\n\t\t\t\t\t\t\t<div class=\"elementor-container elementor-column-gap-default\">\n\t\t\t\t\t<div class=\"elementor-column elementor-col-100 elementor-top-column elementor-element elementor-element-baa96e5\" data-id=\"baa96e5\" data-element_type=\"column\">\n\t\t\t<div class=\"elementor-widget-wrap elementor-element-populated\">\n\t\t\t\t\t\t<section class=\"elementor-section elementor-inner-section elementor-element elementor-element-b7d0c5f elementor-section-boxed elementor-section-height-default elementor-section-height-default\" data-id=\"b7d0c5f\" data-element_type=\"section\">\n\t\t\t\t\t\t<div class=\"elementor-container elementor-column-gap-default\">\n\t\t\t\t\t<div class=\"elementor-column elementor-col-100 elementor-inner-column elementor-element elementor-element-13f5023\" data-id=\"13f5023\" data-element_type=\"column\">\n\t\t\t<div class=\"elementor-widget-wrap elementor-element-populated\">\n\t\t\t\t\t\t<div class=\"elementor-element elementor-element-b1646bb elementor-widget elementor-widget-heading\" data-id=\"b1646bb\" data-element_type=\"widget\" data-widget_type=\"heading.default\">\n\t\t\t\t<div class=\"elementor-widget-container\">\n\t\t\t\t\t<h1 class=\"elementor-heading-title elementor-size-default\">Contact<\/h1>\t\t\t\t<\/div>\n\t\t\t\t<\/div>\n\t\t\t\t\t<\/div>\n\t\t<\/div>\n\t\t\t\t\t<\/div>\n\t\t<\/section>\n\t\t\t\t\t<\/div>\n\t\t<\/div>\n\t\t\t\t\t<\/div>\n\t\t<\/section>\n\t\t\t\t<section class=\"elementor-section elementor-top-section elementor-element elementor-element-4f5c320 elementor-section-boxed elementor-section-height-default elementor-section-height-default\" data-id=\"4f5c320\" data-element_type=\"section\" data-settings=\"{&quot;background_background&quot;:&quot;classic&quot;}\">\n\t\t\t\t\t\t<div class=\"elementor-container elementor-column-gap-default\">\n\t\t\t\t\t<div class=\"elementor-column elementor-col-100 elementor-top-column elementor-element elementor-element-cf3da4f\" data-id=\"cf3da4f\" data-element_type=\"column\">\n\t\t\t<div class=\"elementor-widget-wrap elementor-element-populated\">\n\t\t\t\t\t\t<section class=\"elementor-section elementor-inner-section elementor-element elementor-element-7d4d2df elementor-section-boxed elementor-section-height-default elementor-section-height-default\" data-id=\"7d4d2df\" data-element_type=\"section\">\n\t\t\t\t\t\t<div class=\"elementor-container elementor-column-gap-default\">\n\t\t\t\t\t<div class=\"elementor-column elementor-col-50 elementor-inner-column elementor-element elementor-element-d84f5cd\" data-id=\"d84f5cd\" data-element_type=\"column\">\n\t\t\t<div class=\"elementor-widget-wrap elementor-element-populated\">\n\t\t\t\t\t\t<div class=\"elementor-element elementor-element-7f11d9b elementor-widget elementor-widget-heading\" data-id=\"7f11d9b\" data-element_type=\"widget\" data-widget_type=\"heading.default\">\n\t\t\t\t<div class=\"elementor-widget-container\">\n\t\t\t\t\t<span class=\"elementor-heading-title elementor-size-default\">let's meet each other<\/span>\t\t\t\t<\/div>\n\t\t\t\t<\/div>\n\t\t\t\t<div class=\"elementor-element elementor-element-99aa6e9 elementor-widget elementor-widget-heading\" data-id=\"99aa6e9\" data-element_type=\"widget\" data-widget_type=\"heading.default\">\n\t\t\t\t<div class=\"elementor-widget-container\">\n\t\t\t\t\t<h2 class=\"elementor-heading-title elementor-size-default\">Trimite-ne un mesaj!<\/h2>\t\t\t\t<\/div>\n\t\t\t\t<\/div>\n\t\t\t\t<div class=\"elementor-element elementor-element-9512149 elementor-widget elementor-widget-text-editor\" data-id=\"9512149\" data-element_type=\"widget\" data-widget_type=\"text-editor.default\">\n\t\t\t\t<div class=\"elementor-widget-container\">\n\t\t\t\t\t\t\t\t\t<p>V\u0103 st\u0103m la dispozi\u021bie, contacta\u021bi-ne folosind formularul de contact sau numarul de telefon afi\u0219at mai jos. Vom reveni la dumneavoastr\u0103 c\u00e2t mai cur\u00e2nd posibil!<\/p>\t\t\t\t\t\t\t\t<\/div>\n\t\t\t\t<\/div>\n\t\t\t\t<div class=\"elementor-element elementor-element-875491d elementor-icon-list--layout-traditional elementor-list-item-link-full_width elementor-widget elementor-widget-icon-list\" data-id=\"875491d\" data-element_type=\"widget\" data-widget_type=\"icon-list.default\">\n\t\t\t\t<div class=\"elementor-widget-container\">\n\t\t\t\t\t\t\t<ul class=\"elementor-icon-list-items\">\n\t\t\t\t\t\t\t<li class=\"elementor-icon-list-item\">\n\t\t\t\t\t\t\t\t\t\t\t<span class=\"elementor-icon-list-icon\">\n\t\t\t\t\t\t\t<i aria-hidden=\"true\" class=\"fas fa-phone-alt\"><\/i>\t\t\t\t\t\t<\/span>\n\t\t\t\t\t\t\t\t\t\t<span class=\"elementor-icon-list-text\">+40-746-796-331<\/span>\n\t\t\t\t\t\t\t\t\t<\/li>\n\t\t\t\t\t\t<\/ul>\n\t\t\t\t\t\t<\/div>\n\t\t\t\t<\/div>\n\t\t\t\t<div class=\"elementor-element elementor-element-8b4de93 elementor-icon-list--layout-traditional elementor-list-item-link-full_width elementor-widget elementor-widget-icon-list\" data-id=\"8b4de93\" data-element_type=\"widget\" data-widget_type=\"icon-list.default\">\n\t\t\t\t<div class=\"elementor-widget-container\">\n\t\t\t\t\t\t\t<ul class=\"elementor-icon-list-items\">\n\t\t\t\t\t\t\t<li class=\"elementor-icon-list-item\">\n\t\t\t\t\t\t\t\t\t\t\t<span class=\"elementor-icon-list-icon\">\n\t\t\t\t\t\t\t<i aria-hidden=\"true\" class=\"far fa-envelope\"><\/i>\t\t\t\t\t\t<\/span>\n\t\t\t\t\t\t\t\t\t\t<span class=\"elementor-icon-list-text\">HELLO@HOMESPORTKIT.RO<\/span>\n\t\t\t\t\t\t\t\t\t<\/li>\n\t\t\t\t\t\t<\/ul>\n\t\t\t\t\t\t<\/div>\n\t\t\t\t<\/div>\n\t\t\t\t<div class=\"elementor-element elementor-element-0d6b620 elementor-icon-list--layout-traditional elementor-list-item-link-full_width elementor-widget elementor-widget-icon-list\" data-id=\"0d6b620\" data-element_type=\"widget\" data-widget_type=\"icon-list.default\">\n\t\t\t\t<div class=\"elementor-widget-container\">\n\t\t\t\t\t\t\t<ul class=\"elementor-icon-list-items\">\n\t\t\t\t\t\t\t<li class=\"elementor-icon-list-item\">\n\t\t\t\t\t\t\t\t\t\t\t<span class=\"elementor-icon-list-icon\">\n\t\t\t\t\t\t\t<i aria-hidden=\"true\" class=\"fas fa-map-marker-alt\"><\/i>\t\t\t\t\t\t<\/span>\n\t\t\t\t\t\t\t\t\t\t<span class=\"elementor-icon-list-text\">MIRE\u0218U MARE, STRADA PRINCIPAL\u0102 NR. 210E<\/span>\n\t\t\t\t\t\t\t\t\t<\/li>\n\t\t\t\t\t\t<\/ul>\n\t\t\t\t\t\t<\/div>\n\t\t\t\t<\/div>\n\t\t\t\t<div class=\"elementor-element elementor-element-9302811 elementor-shape-circle e-grid-align-left elementor-grid-0 elementor-widget elementor-widget-social-icons\" data-id=\"9302811\" data-element_type=\"widget\" data-widget_type=\"social-icons.default\">\n\t\t\t\t<div class=\"elementor-widget-container\">\n\t\t\t\t\t\t\t<div class=\"elementor-social-icons-wrapper elementor-grid\">\n\t\t\t\t\t\t\t<span class=\"elementor-grid-item\">\n\t\t\t\t\t<a class=\"elementor-icon elementor-social-icon elementor-social-icon-facebook elementor-repeater-item-7bb5696\" target=\"_blank\">\n\t\t\t\t\t\t<span class=\"elementor-screen-only\">Facebook<\/span>\n\t\t\t\t\t\t<i class=\"fab fa-facebook\"><\/i>\t\t\t\t\t<\/a>\n\t\t\t\t<\/span>\n\t\t\t\t\t\t\t<span class=\"elementor-grid-item\">\n\t\t\t\t\t<a class=\"elementor-icon elementor-social-icon elementor-social-icon-twitter elementor-repeater-item-ea007d2\" target=\"_blank\">\n\t\t\t\t\t\t<span class=\"elementor-screen-only\">Twitter<\/span>\n\t\t\t\t\t\t<i class=\"fab fa-twitter\"><\/i>\t\t\t\t\t<\/a>\n\t\t\t\t<\/span>\n\t\t\t\t\t\t\t<span class=\"elementor-grid-item\">\n\t\t\t\t\t<a class=\"elementor-icon elementor-social-icon elementor-social-icon-google-plus elementor-repeater-item-8ec27e3\" target=\"_blank\">\n\t\t\t\t\t\t<span class=\"elementor-screen-only\">Google-plus<\/span>\n\t\t\t\t\t\t<i class=\"fab fa-google-plus\"><\/i>\t\t\t\t\t<\/a>\n\t\t\t\t<\/span>\n\t\t\t\t\t\t\t<span class=\"elementor-grid-item\">\n\t\t\t\t\t<a class=\"elementor-icon elementor-social-icon elementor-social-icon-pinterest elementor-repeater-item-710f1f6\" target=\"_blank\">\n\t\t\t\t\t\t<span class=\"elementor-screen-only\">Pinterest<\/span>\n\t\t\t\t\t\t<i class=\"fab fa-pinterest\"><\/i>\t\t\t\t\t<\/a>\n\t\t\t\t<\/span>\n\t\t\t\t\t\t\t<span class=\"elementor-grid-item\">\n\t\t\t\t\t<a class=\"elementor-icon elementor-social-icon elementor-social-icon-instagram elementor-repeater-item-260c73b\" target=\"_blank\">\n\t\t\t\t\t\t<span class=\"elementor-screen-only\">Instagram<\/span>\n\t\t\t\t\t\t<i class=\"fab fa-instagram\"><\/i>\t\t\t\t\t<\/a>\n\t\t\t\t<\/span>\n\t\t\t\t\t<\/div>\n\t\t\t\t\t\t<\/div>\n\t\t\t\t<\/div>\n\t\t\t\t\t<\/div>\n\t\t<\/div>\n\t\t\t\t<div class=\"elementor-column elementor-col-50 elementor-inner-column elementor-element elementor-element-7574d5e\" data-id=\"7574d5e\" data-element_type=\"column\">\n\t\t\t<div class=\"elementor-widget-wrap elementor-element-populated\">\n\t\t\t\t\t\t<div class=\"elementor-element elementor-element-3f608d1 elementor-widget elementor-widget-content_form_contact\" data-id=\"3f608d1\" data-element_type=\"widget\" data-widget_type=\"content_form_contact.default\">\n\t\t\t\t<div class=\"elementor-widget-container\">\n\t\t\t\t\t<form action=\"https:\/\/homesportkit.com\/wp-admin\/admin-post.php\" method=\"post\" name=\"content-form-3f608d1\" id=\"content-form-3f608d1\" class=\"ti-cf-module content-form content-form-contact content_form_contact\"><input type=\"hidden\" id=\"_wpnonce_contact\" name=\"_wpnonce_contact\" value=\"2f3852f07d\" \/><input type=\"hidden\" name=\"_wp_http_referer\" value=\"\/en\/wp-json\/wp\/v2\/pages\/51\" \/><input type=\"hidden\" name=\"action\" value=\"content_form_submit\" \/><input type=\"hidden\" name=\"form-type\" value=\"contact\" \/><input type=\"hidden\" name=\"form-builder\" value=\"elementor\" \/><input type=\"hidden\" name=\"post-id\" value=\"51\" \/><input type=\"hidden\" name=\"form-id\" value=\"3f608d1\" \/><fieldset class=\"content-form-field-text elementor-column elementor-col-100\"><label for=\"data[3f608d1][name]\" ><\/label><input type=\"text\" name=\"data[3f608d1][name]\" id=\"data[3f608d1][name]\" required=\"required\"  placeholder=\"Nume\"><\/fieldset><fieldset class=\"content-form-field-email elementor-column elementor-col-100\"><label for=\"data[3f608d1][email]\" ><\/label><input type=\"text\" name=\"data[3f608d1][email]\" id=\"data[3f608d1][email]\" required=\"required\"  placeholder=\"Email\"><\/fieldset><fieldset class=\"content-form-field-number elementor-column elementor-col-100\"><label for=\"data[3f608d1][phone]\" ><\/label><input type=\"text\" name=\"data[3f608d1][phone]\" id=\"data[3f608d1][phone]\" required=\"required\"  placeholder=\"Telefon\"><\/fieldset><fieldset class=\"content-form-field-textarea elementor-column elementor-col-100\"><label for=\"data[3f608d1][message]\" ><\/label><textarea name=\"data[3f608d1][message]\" id=\"data[3f608d1][message]\"  required=\"required\" placeholder=\"Mesaj\" cols=\"30\" rows=\"5\"><\/textarea><\/fieldset><fieldset class=\"submit-form contact\"><button type=\"submit\" name=\"submit\"  value=\"submit-contact-3f608d1\" class=\"\">Trimite mesajul<\/button><\/fieldset><\/form>\t\t\t\t<\/div>\n\t\t\t\t<\/div>\n\t\t\t\t\t<\/div>\n\t\t<\/div>\n\t\t\t\t\t<\/div>\n\t\t<\/section>\n\t\t\t\t\t<\/div>\n\t\t<\/div>\n\t\t\t\t\t<\/div>\n\t\t<\/section>\n\t\t\t\t<section class=\"elementor-section elementor-top-section elementor-element elementor-element-cd2aab5 elementor-section-height-min-height elementor-section-boxed elementor-section-height-default elementor-section-items-middle\" data-id=\"cd2aab5\" data-element_type=\"section\" data-settings=\"{&quot;background_background&quot;:&quot;classic&quot;}\">\n\t\t\t\t\t\t<div class=\"elementor-container elementor-column-gap-default\">\n\t\t\t\t\t<div class=\"elementor-column elementor-col-100 elementor-top-column elementor-element elementor-element-db57b7f\" data-id=\"db57b7f\" data-element_type=\"column\">\n\t\t\t<div class=\"elementor-widget-wrap\">\n\t\t\t\t\t\t\t<\/div>\n\t\t<\/div>\n\t\t\t\t\t<\/div>\n\t\t<\/section>\n\t\t\t\t<\/div>","protected":false},"excerpt":{"rendered":"<p>Contact let&#8217;s meet each other Trimite-ne un mesaj! V\u0103 st\u0103m la dispozi\u021bie, contacta\u021bi-ne folosind formularul de contact sau numarul de telefon afi\u0219at mai jos. Vom reveni la dumneavoastr\u0103 c\u00e2t mai cur\u00e2nd posibil! +40-746-796-331 HELLO@HOMESPORTKIT.RO MIRE\u0218U MARE, STRADA PRINCIPAL\u0102 NR. 210E Facebook Twitter Google-plus Pinterest Instagram Trimite mesajul<\/p>","protected":false},"author":1,"featured_media":0,"parent":0,"menu_order":0,"comment_status":"closed","ping_status":"closed","template":"page-templates\/template-pagebuilder-full-width.php","meta":{"neve_meta_sidebar":"","neve_meta_container":"","neve_meta_enable_content_width":"off","neve_meta_content_width":0,"neve_meta_title_alignment":"","neve_meta_author_avatar":"","neve_post_elements_order":"","neve_meta_disable_header":"","neve_meta_disable_footer":"","neve_meta_disable_title":"","footnotes":""},"class_list":["post-51","page","type-page","status-publish","hentry"],"yoast_head":"<!-- This site is optimized with the Yoast SEO plugin v25.0 - https:\/\/yoast.com\/wordpress\/plugins\/seo\/ -->\n<title>Contact - Home Sport Kit<\/title>\n<meta name=\"robots\" content=\"index, follow, max-snippet:-1, max-image-preview:large, max-video-preview:-1\" \/>\n<link rel=\"canonical\" href=\"https:\/\/homesportkit.com\/en\/contact\/\" \/>\n<meta property=\"og:locale\" content=\"en_US\" \/>\n<meta property=\"og:type\" content=\"article\" \/>\n<meta property=\"og:title\" content=\"Contact - Home Sport Kit\" \/>\n<meta property=\"og:description\" content=\"Contact let&#8217;s meet each other Trimite-ne un mesaj! V\u0103 st\u0103m la dispozi\u021bie, contacta\u021bi-ne folosind formularul de contact sau numarul de telefon afi\u0219at mai jos. Vom reveni la dumneavoastr\u0103 c\u00e2t mai cur\u00e2nd posibil! +40-746-796-331 HELLO@HOMESPORTKIT.RO MIRE\u0218U MARE, STRADA PRINCIPAL\u0102 NR. 210E Facebook Twitter Google-plus Pinterest Instagram Trimite mesajul\" \/>\n<meta property=\"og:url\" content=\"https:\/\/homesportkit.com\/en\/contact\/\" \/>\n<meta property=\"og:site_name\" content=\"Home Sport Kit\" \/>\n<meta property=\"article:modified_time\" content=\"2020-12-17T14:43:55+00:00\" \/>\n<meta name=\"twitter:card\" content=\"summary_large_image\" \/>\n<script type=\"application\/ld+json\" class=\"yoast-schema-graph\">{\"@context\":\"https:\/\/schema.org\",\"@graph\":[{\"@type\":\"WebPage\",\"@id\":\"https:\/\/homesportkit.com\/contact\/\",\"url\":\"https:\/\/homesportkit.com\/contact\/\",\"name\":\"Contact - Home Sport Kit\",\"isPartOf\":{\"@id\":\"https:\/\/homesportkit.com\/#website\"},\"datePublished\":\"2019-07-16T21:00:32+00:00\",\"dateModified\":\"2020-12-17T14:43:55+00:00\",\"breadcrumb\":{\"@id\":\"https:\/\/homesportkit.com\/contact\/#breadcrumb\"},\"inLanguage\":\"en-US\",\"potentialAction\":[{\"@type\":\"ReadAction\",\"target\":[\"https:\/\/homesportkit.com\/contact\/\"]}]},{\"@type\":\"BreadcrumbList\",\"@id\":\"https:\/\/homesportkit.com\/contact\/#breadcrumb\",\"itemListElement\":[{\"@type\":\"ListItem\",\"position\":1,\"name\":\"Home\",\"item\":\"https:\/\/homesportkit.com\/\"},{\"@type\":\"ListItem\",\"position\":2,\"name\":\"Contact\"}]},{\"@type\":\"WebSite\",\"@id\":\"https:\/\/homesportkit.com\/#website\",\"url\":\"https:\/\/homesportkit.com\/\",\"name\":\"Home Sport Kit\",\"description\":\"Exercise at home, in your confort.\",\"publisher\":{\"@id\":\"https:\/\/homesportkit.com\/#organization\"},\"potentialAction\":[{\"@type\":\"SearchAction\",\"target\":{\"@type\":\"EntryPoint\",\"urlTemplate\":\"https:\/\/homesportkit.com\/?s={search_term_string}\"},\"query-input\":{\"@type\":\"PropertyValueSpecification\",\"valueRequired\":true,\"valueName\":\"search_term_string\"}}],\"inLanguage\":\"en-US\"},{\"@type\":\"Organization\",\"@id\":\"https:\/\/homesportkit.com\/#organization\",\"name\":\"Home Sport Kit\",\"url\":\"https:\/\/homesportkit.com\/\",\"logo\":{\"@type\":\"ImageObject\",\"inLanguage\":\"en-US\",\"@id\":\"https:\/\/homesportkit.com\/#\/schema\/logo\/image\/\",\"url\":\"https:\/\/homesportkit.com\/wp-content\/uploads\/2020\/11\/home-sport-kit-2.png\",\"contentUrl\":\"https:\/\/homesportkit.com\/wp-content\/uploads\/2020\/11\/home-sport-kit-2.png\",\"width\":4297,\"height\":800,\"caption\":\"Home Sport Kit\"},\"image\":{\"@id\":\"https:\/\/homesportkit.com\/#\/schema\/logo\/image\/\"}}]}<\/script>\n<!-- \/ Yoast SEO plugin. -->","yoast_head_json":{"title":"Contact - Home Sport Kit","robots":{"index":"index","follow":"follow","max-snippet":"max-snippet:-1","max-image-preview":"max-image-preview:large","max-video-preview":"max-video-preview:-1"},"canonical":"https:\/\/homesportkit.com\/en\/contact\/","og_locale":"en_US","og_type":"article","og_title":"Contact - Home Sport Kit","og_description":"Contact let&#8217;s meet each other Trimite-ne un mesaj! V\u0103 st\u0103m la dispozi\u021bie, contacta\u021bi-ne folosind formularul de contact sau numarul de telefon afi\u0219at mai jos. Vom reveni la dumneavoastr\u0103 c\u00e2t mai cur\u00e2nd posibil! +40-746-796-331 HELLO@HOMESPORTKIT.RO MIRE\u0218U MARE, STRADA PRINCIPAL\u0102 NR. 210E Facebook Twitter Google-plus Pinterest Instagram Trimite mesajul","og_url":"https:\/\/homesportkit.com\/en\/contact\/","og_site_name":"Home Sport Kit","article_modified_time":"2020-12-17T14:43:55+00:00","twitter_card":"summary_large_image","schema":{"@context":"https:\/\/schema.org","@graph":[{"@type":"WebPage","@id":"https:\/\/homesportkit.com\/contact\/","url":"https:\/\/homesportkit.com\/contact\/","name":"Contact - Home Sport Kit","isPartOf":{"@id":"https:\/\/homesportkit.com\/#website"},"datePublished":"2019-07-16T21:00:32+00:00","dateModified":"2020-12-17T14:43:55+00:00","breadcrumb":{"@id":"https:\/\/homesportkit.com\/contact\/#breadcrumb"},"inLanguage":"en-US","potentialAction":[{"@type":"ReadAction","target":["https:\/\/homesportkit.com\/contact\/"]}]},{"@type":"BreadcrumbList","@id":"https:\/\/homesportkit.com\/contact\/#breadcrumb","itemListElement":[{"@type":"ListItem","position":1,"name":"Home","item":"https:\/\/homesportkit.com\/"},{"@type":"ListItem","position":2,"name":"Contact"}]},{"@type":"WebSite","@id":"https:\/\/homesportkit.com\/#website","url":"https:\/\/homesportkit.com\/","name":"Home Sport Kit","description":"Exercise at home, in your confort.","publisher":{"@id":"https:\/\/homesportkit.com\/#organization"},"potentialAction":[{"@type":"SearchAction","target":{"@type":"EntryPoint","urlTemplate":"https:\/\/homesportkit.com\/?s={search_term_string}"},"query-input":{"@type":"PropertyValueSpecification","valueRequired":true,"valueName":"search_term_string"}}],"inLanguage":"en-US"},{"@type":"Organization","@id":"https:\/\/homesportkit.com\/#organization","name":"Home Sport Kit","url":"https:\/\/homesportkit.com\/","logo":{"@type":"ImageObject","inLanguage":"en-US","@id":"https:\/\/homesportkit.com\/#\/schema\/logo\/image\/","url":"https:\/\/homesportkit.com\/wp-content\/uploads\/2020\/11\/home-sport-kit-2.png","contentUrl":"https:\/\/homesportkit.com\/wp-content\/uploads\/2020\/11\/home-sport-kit-2.png","width":4297,"height":800,"caption":"Home Sport Kit"},"image":{"@id":"https:\/\/homesportkit.com\/#\/schema\/logo\/image\/"}}]}},"_links":{"self":[{"href":"https:\/\/homesportkit.com\/en\/wp-json\/wp\/v2\/pages\/51","targetHints":{"allow":["GET"]}}],"collection":[{"href":"https:\/\/homesportkit.com\/en\/wp-json\/wp\/v2\/pages"}],"about":[{"href":"https:\/\/homesportkit.com\/en\/wp-json\/wp\/v2\/types\/page"}],"author":[{"embeddable":true,"href":"https:\/\/homesportkit.com\/en\/wp-json\/wp\/v2\/users\/1"}],"replies":[{"embeddable":true,"href":"https:\/\/homesportkit.com\/en\/wp-json\/wp\/v2\/comments?post=51"}],"version-history":[{"count":0,"href":"https:\/\/homesportkit.com\/en\/wp-json\/wp\/v2\/pages\/51\/revisions"}],"wp:attachment":[{"href":"https:\/\/homesportkit.com\/en\/wp-json\/wp\/v2\/media?parent=51"}],"curies":[{"name":"wp","href":"https:\/\/api.w.org\/{rel}","templated":true}]}}